{"id":998,"date":"2020-12-01T20:42:55","date_gmt":"2020-12-01T18:42:55","guid":{"rendered":"https:\/\/ric.ijs.si\/?page_id=998"},"modified":"2020-12-01T20:43:54","modified_gmt":"2020-12-01T18:43:54","slug":"vse-pravice-pridrzane","status":"publish","type":"page","link":"https:\/\/ric.ijs.si\/en\/vse-pravice-pridrzane\/","title":{"rendered":"Vse pravice pridr\u017eane"},"content":{"rendered":"<p>All content of the articles, including images on this website, is subject to copyright and other forms of intellectual property protection, within the limits of applicable regulations. Any public use, copying or other forms of copying the entire content or individual parts of these pages without the prior written consent of the owner of the website - Reactor Infrastructure Center (RIC) of the Institute Jo\u017eef Stefan is prohibited.\u00a0<\/p>","protected":false},"excerpt":{"rendered":"<p>Vsa vsebina \u010dlankov vklju\u010dno s slikami na tej spletni strani je predmet avtorske za\u0161\u010dite in drugih oblik za\u0161\u010dite intelektualne lastnine, v mejah veljavnih predpisov. Prepovedana je vsakr\u0161na javna raba, kopiranje ali druge oblike presnemavanja celotne vsebine ali posameznih delov teh<\/p>","protected":false},"author":1,"featured_media":0,"parent":0,"menu_order":0,"comment_status":"closed","ping_status":"closed","template":"","meta":{"footnotes":""},"class_list":["post-998","page","type-page","status-publish","hentry","","tg-column-two"],"_links":{"self":[{"href":"https:\/\/ric.ijs.si\/en\/wp-json\/wp\/v2\/pages\/998","targetHints":{"allow":["GET"]}}],"collection":[{"href":"https:\/\/ric.ijs.si\/en\/wp-json\/wp\/v2\/pages"}],"about":[{"href":"https:\/\/ric.ijs.si\/en\/wp-json\/wp\/v2\/types\/page"}],"author":[{"embeddable":true,"href":"https:\/\/ric.ijs.si\/en\/wp-json\/wp\/v2\/users\/1"}],"replies":[{"embeddable":true,"href":"https:\/\/ric.ijs.si\/en\/wp-json\/wp\/v2\/comments?post=998"}],"version-history":[{"count":3,"href":"https:\/\/ric.ijs.si\/en\/wp-json\/wp\/v2\/pages\/998\/revisions"}],"predecessor-version":[{"id":2949,"href":"https:\/\/ric.ijs.si\/en\/wp-json\/wp\/v2\/pages\/998\/revisions\/2949"}],"wp:attachment":[{"href":"https:\/\/ric.ijs.si\/en\/wp-json\/wp\/v2\/media?parent=998"}],"curies":[{"name":"wp","href":"https:\/\/api.w.org\/{rel}","templated":true}]}}