{"id":4639,"date":"2023-06-28T10:50:38","date_gmt":"2023-06-28T08:50:38","guid":{"rendered":"https:\/\/ric.ijs.si\/?page_id=4639"},"modified":"2023-07-12T11:20:15","modified_gmt":"2023-07-12T09:20:15","slug":"euro-labs-financna-podpora","status":"publish","type":"page","link":"https:\/\/ric.ijs.si\/en\/info-za-uporabnike\/euro-labs-financna-podpora\/","title":{"rendered":"EURO-LABS financial support"},"content":{"rendered":"<div data-elementor-type=\"wp-page\" data-elementor-id=\"4639\" class=\"elementor elementor-4639\" data-elementor-post-type=\"page\">\n\t\t\t\t\t\t<section class=\"elementor-section elementor-top-section elementor-element elementor-element-2bf6365 elementor-section-boxed elementor-section-height-default elementor-section-height-default\" data-id=\"2bf6365\" data-element_type=\"section\" data-e-type=\"section\">\n\t\t\t\t\t\t<div class=\"elementor-container elementor-column-gap-default\">\n\t\t\t\t\t<div class=\"elementor-column elementor-col-100 elementor-top-column elementor-element elementor-element-6eb9f22\" data-id=\"6eb9f22\" data-element_type=\"column\" data-e-type=\"column\">\n\t\t\t<div class=\"elementor-widget-wrap\">\n\t\t\t\t\t\t\t<\/div>\n\t\t<\/div>\n\t\t\t\t\t<\/div>\n\t\t<\/section>\n\t\t\t\t<section class=\"elementor-section elementor-top-section elementor-element elementor-element-d4174a4 elementor-section-boxed elementor-section-height-default elementor-section-height-default\" data-id=\"d4174a4\" data-element_type=\"section\" data-e-type=\"section\">\n\t\t\t\t\t\t<div class=\"elementor-container elementor-column-gap-default\">\n\t\t\t\t\t<div class=\"elementor-column elementor-col-50 elementor-top-column elementor-element elementor-element-697e5ff\" data-id=\"697e5ff\" data-element_type=\"column\" data-e-type=\"column\">\n\t\t\t<div class=\"elementor-widget-wrap elementor-element-populated\">\n\t\t\t\t\t\t<div class=\"elementor-element elementor-element-0851add elementor-widget elementor-widget-text-editor\" data-id=\"0851add\" data-element_type=\"widget\" data-e-type=\"widget\" data-widget_type=\"text-editor.default\">\n\t\t\t\t<div class=\"elementor-widget-container\">\n\t\t\t\t\t\t\t\t\t<p>Basic information:<\/p><ul><li><strong>EURO-LABS\u00a0\u2013 <\/strong>EUROpean Laboratories for Accelerator-Based Science<\/li><li><strong>PROGRAMME:<\/strong> Horizon EU (Research infrastructure services to support health research, accelerate the green and digital transformation, and advance frontier knowledge)<\/li><li><strong>DURATION:<\/strong> September 2022 \u2013 August 2026 (4 years)<\/li><li><strong>TOTAL BUDGET:<\/strong> 14.5 M \u20ac<\/li><li><strong>TOTAL EC CONTRIBUTION:<\/strong> 14.2 M \u20ac<\/li><li><strong>CONSORTIUM:<\/strong> 33 participants from 18 countries<\/li><li><strong>PROJECT COORDINATOR:<\/strong> Paolo Giacomelli (INFN)<\/li><\/ul><p>WEB PAGE: <a href=\"https:\/\/web.infn.it\/EURO-LABS\/\" target=\"_blank\" rel=\"noopener\">https:\/\/web.infn.it\/EURO-LABS\/<\/a><\/p>\t\t\t\t\t\t\t\t<\/div>\n\t\t\t\t<\/div>\n\t\t\t\t\t<\/div>\n\t\t<\/div>\n\t\t\t\t<div class=\"elementor-column elementor-col-50 elementor-top-column elementor-element elementor-element-354b3d5\" data-id=\"354b3d5\" data-element_type=\"column\" data-e-type=\"column\">\n\t\t\t<div class=\"elementor-widget-wrap elementor-element-populated\">\n\t\t\t\t\t\t<div class=\"elementor-element elementor-element-853686f elementor-widget elementor-widget-image\" data-id=\"853686f\" data-element_type=\"widget\" data-e-type=\"widget\" data-widget_type=\"image.default\">\n\t\t\t\t<div class=\"elementor-widget-container\">\n\t\t\t\t\t\t\t\t\t\t\t\t\t\t\t\t<a href=\"https:\/\/web.infn.it\/EURO-LABS\/\" target=\"_blank\">\n\t\t\t\t\t\t\t<img fetchpriority=\"high\" decoding=\"async\" width=\"750\" height=\"368\" src=\"https:\/\/ric.ijs.si\/wp-content\/uploads\/Logo_EURO-LABS-1-768x377.jpg\" class=\"attachment-medium_large size-medium_large wp-image-4676\" alt=\"Logo_EURO-LABS\" srcset=\"https:\/\/ric.ijs.si\/wp-content\/uploads\/Logo_EURO-LABS-1-768x377.jpg 768w, https:\/\/ric.ijs.si\/wp-content\/uploads\/Logo_EURO-LABS-1-300x147.jpg 300w, https:\/\/ric.ijs.si\/wp-content\/uploads\/Logo_EURO-LABS-1-1024x502.jpg 1024w, https:\/\/ric.ijs.si\/wp-content\/uploads\/Logo_EURO-LABS-1-1536x753.jpg 1536w, https:\/\/ric.ijs.si\/wp-content\/uploads\/Logo_EURO-LABS-1-18x9.jpg 18w, https:\/\/ric.ijs.si\/wp-content\/uploads\/Logo_EURO-LABS-1-600x294.jpg 600w, https:\/\/ric.ijs.si\/wp-content\/uploads\/Logo_EURO-LABS-1.jpg 1760w\" sizes=\"(max-width: 750px) 100vw, 750px\" \/>\t\t\t\t\t\t\t\t<\/a>\n\t\t\t\t\t\t\t\t\t\t\t\t\t\t\t<\/div>\n\t\t\t\t<\/div>\n\t\t\t\t\t<\/div>\n\t\t<\/div>\n\t\t\t\t\t<\/div>\n\t\t<\/section>\n\t\t\t\t<section class=\"elementor-section elementor-top-section elementor-element elementor-element-902c361 elementor-section-boxed elementor-section-height-default elementor-section-height-default\" data-id=\"902c361\" data-element_type=\"section\" data-e-type=\"section\">\n\t\t\t\t\t\t<div class=\"elementor-container elementor-column-gap-default\">\n\t\t\t\t\t<div class=\"elementor-column elementor-col-100 elementor-top-column elementor-element elementor-element-d26254d\" data-id=\"d26254d\" data-element_type=\"column\" data-e-type=\"column\">\n\t\t\t<div class=\"elementor-widget-wrap elementor-element-populated\">\n\t\t\t\t\t\t<div class=\"elementor-element elementor-element-b304d28 elementor-widget elementor-widget-text-editor\" data-id=\"b304d28\" data-element_type=\"widget\" data-e-type=\"widget\" data-widget_type=\"text-editor.default\">\n\t\t\t\t<div class=\"elementor-widget-container\">\n\t\t\t\t\t\t\t\t\t<p>If eligible, you can apply for Transnational Access (i.e. financing of your irradiation) for the <a href=\"https:\/\/ric.ijs.si\/en\/\">TRIGA Reactor<\/a>, in Ljubljana. You can find more detail at:<\/p><p><a href=\"https:\/\/web.infn.it\/EURO-LABS\/how-to-apply\/\" target=\"_blank\" rel=\"noopener\">https:\/\/web.infn.it\/EURO-LABS\/how-to-apply\/<\/a><\/p>\t\t\t\t\t\t\t\t<\/div>\n\t\t\t\t<\/div>\n\t\t\t\t\t<\/div>\n\t\t<\/div>\n\t\t\t\t\t<\/div>\n\t\t<\/section>\n\t\t\t\t<\/div>","protected":false},"excerpt":{"rendered":"<p>Osnovni podatki: EURO-LABS&nbsp;\u2013 EUROpean Laboratories for Accelerator-Based Science (Evropski laboratoriji za znanost na osnovi pospe\u0161evalnikov) PROGRAM: EU Obzorje (storitve raziskovalne infrastrukture za podporo raziskavam na podro\u010dju zdravja, pospe\u0161itev zelene in digitalne preobrazbe ter napredek pionirskega znanja) TRAJANJE: september 2022 \u2013<\/p>","protected":false},"author":1,"featured_media":4676,"parent":691,"menu_order":4,"comment_status":"closed","ping_status":"closed","template":"","meta":{"footnotes":""},"class_list":["post-4639","page","type-page","status-publish","has-post-thumbnail","hentry","","tg-column-two"],"_links":{"self":[{"href":"https:\/\/ric.ijs.si\/en\/wp-json\/wp\/v2\/pages\/4639","targetHints":{"allow":["GET"]}}],"collection":[{"href":"https:\/\/ric.ijs.si\/en\/wp-json\/wp\/v2\/pages"}],"about":[{"href":"https:\/\/ric.ijs.si\/en\/wp-json\/wp\/v2\/types\/page"}],"author":[{"embeddable":true,"href":"https:\/\/ric.ijs.si\/en\/wp-json\/wp\/v2\/users\/1"}],"replies":[{"embeddable":true,"href":"https:\/\/ric.ijs.si\/en\/wp-json\/wp\/v2\/comments?post=4639"}],"version-history":[{"count":46,"href":"https:\/\/ric.ijs.si\/en\/wp-json\/wp\/v2\/pages\/4639\/revisions"}],"predecessor-version":[{"id":4689,"href":"https:\/\/ric.ijs.si\/en\/wp-json\/wp\/v2\/pages\/4639\/revisions\/4689"}],"up":[{"embeddable":true,"href":"https:\/\/ric.ijs.si\/en\/wp-json\/wp\/v2\/pages\/691"}],"wp:featuredmedia":[{"embeddable":true,"href":"https:\/\/ric.ijs.si\/en\/wp-json\/wp\/v2\/media\/4676"}],"wp:attachment":[{"href":"https:\/\/ric.ijs.si\/en\/wp-json\/wp\/v2\/media?parent=4639"}],"curies":[{"name":"wp","href":"https:\/\/api.w.org\/{rel}","templated":true}]}}