{"id":36,"date":"2018-05-29T08:18:58","date_gmt":"2018-05-29T06:18:58","guid":{"rendered":"https:\/\/ric.ijs.si\/?page_id=36"},"modified":"2022-03-16T09:22:45","modified_gmt":"2022-03-16T08:22:45","slug":"dejavnosti","status":"publish","type":"page","link":"https:\/\/ric.ijs.si\/en\/dejavnosti\/","title":{"rendered":"Activities"},"content":{"rendered":"<div data-elementor-type=\"wp-page\" data-elementor-id=\"36\" class=\"elementor elementor-36\" data-elementor-post-type=\"page\">\n\t\t\t\t\t\t<section class=\"elementor-section elementor-top-section elementor-element elementor-element-bb8d5df elementor-section-boxed elementor-section-height-default elementor-section-height-default\" data-id=\"bb8d5df\" data-element_type=\"section\" data-e-type=\"section\">\n\t\t\t\t\t\t<div class=\"elementor-container elementor-column-gap-default\">\n\t\t\t\t\t<div class=\"elementor-column elementor-col-100 elementor-top-column elementor-element elementor-element-0f7995c\" data-id=\"0f7995c\" data-element_type=\"column\" data-e-type=\"column\">\n\t\t\t<div class=\"elementor-widget-wrap elementor-element-populated\">\n\t\t\t\t\t\t<div class=\"elementor-element elementor-element-c00afee elementor-widget elementor-widget-text-editor\" data-id=\"c00afee\" data-element_type=\"widget\" data-e-type=\"widget\" data-widget_type=\"text-editor.default\">\n\t\t\t\t<div class=\"elementor-widget-container\">\n\t\t\t\t\t\t\t\t\t<p>RIC main activity is providing reactor operation for research, training and practical applications. RIC workers also co-operate in the projects outside IJS making use of their professional experience to work with radiation (e.g. installation and servicing of industrial sources, <a href=\"https:\/\/f2.ijs.si\/sl\/laboratoriji\/2020070812324878\/elme--ekoloski-laboratorij-z-mobilno-enoto\" target=\"_blank\" rel=\"noopener\">Ecological Laboratory with Mobile Unit (ELMU)<\/a>, refuelling inspections in Krsko NPP).<\/p>\t\t\t\t\t\t\t\t<\/div>\n\t\t\t\t<\/div>\n\t\t\t\t\t<\/div>\n\t\t<\/div>\n\t\t\t\t\t<\/div>\n\t\t<\/section>\n\t\t\t\t<section class=\"elementor-section elementor-top-section elementor-element elementor-element-f39f54d elementor-section-boxed elementor-section-height-default elementor-section-height-default\" data-id=\"f39f54d\" data-element_type=\"section\" data-e-type=\"section\">\n\t\t\t\t\t\t<div class=\"elementor-container elementor-column-gap-default\">\n\t\t\t\t\t<div class=\"elementor-column elementor-col-100 elementor-top-column elementor-element elementor-element-af2f860\" data-id=\"af2f860\" data-element_type=\"column\" data-e-type=\"column\">\n\t\t\t<div class=\"elementor-widget-wrap elementor-element-populated\">\n\t\t\t\t\t\t<div class=\"elementor-element elementor-element-5333c61 elementor-widget elementor-widget-heading\" data-id=\"5333c61\" data-element_type=\"widget\" data-e-type=\"widget\" data-widget_type=\"heading.default\">\n\t\t\t\t<div class=\"elementor-widget-container\">\n\t\t\t\t\t<h3 class=\"elementor-heading-title elementor-size-default\">Research<\/h3>\t\t\t\t<\/div>\n\t\t\t\t<\/div>\n\t\t\t\t\t<\/div>\n\t\t<\/div>\n\t\t\t\t\t<\/div>\n\t\t<\/section>\n\t\t\t\t<section class=\"elementor-section elementor-top-section elementor-element elementor-element-761e40e elementor-section-boxed elementor-section-height-default elementor-section-height-default\" data-id=\"761e40e\" data-element_type=\"section\" data-e-type=\"section\">\n\t\t\t\t\t\t<div class=\"elementor-container elementor-column-gap-default\">\n\t\t\t\t\t<div class=\"elementor-column elementor-col-100 elementor-top-column elementor-element elementor-element-3e768a3\" data-id=\"3e768a3\" data-element_type=\"column\" data-e-type=\"column\">\n\t\t\t<div class=\"elementor-widget-wrap elementor-element-populated\">\n\t\t\t\t\t\t<div class=\"elementor-element elementor-element-ea2b194 elementor-widget elementor-widget-heading\" data-id=\"ea2b194\" data-element_type=\"widget\" data-e-type=\"widget\" data-widget_type=\"heading.default\">\n\t\t\t\t<div class=\"elementor-widget-container\">\n\t\t\t\t\t<h6 class=\"elementor-heading-title elementor-size-default\">Reactor has been routinely used by the following J. Stefan Institute research groups:<\/h6>\t\t\t\t<\/div>\n\t\t\t\t<\/div>\n\t\t\t\t\t<\/div>\n\t\t<\/div>\n\t\t\t\t\t<\/div>\n\t\t<\/section>\n\t\t\t\t<section class=\"elementor-section elementor-top-section elementor-element elementor-element-e9fcbed elementor-section-boxed elementor-section-height-default elementor-section-height-default\" data-id=\"e9fcbed\" data-element_type=\"section\" data-e-type=\"section\">\n\t\t\t\t\t\t<div class=\"elementor-container elementor-column-gap-default\">\n\t\t\t\t\t<div class=\"elementor-column elementor-col-100 elementor-top-column elementor-element elementor-element-9de3a83\" data-id=\"9de3a83\" data-element_type=\"column\" data-e-type=\"column\">\n\t\t\t<div class=\"elementor-widget-wrap elementor-element-populated\">\n\t\t\t\t\t\t<div class=\"elementor-element elementor-element-26a958a elementor-widget elementor-widget-text-editor\" data-id=\"26a958a\" data-element_type=\"widget\" data-e-type=\"widget\" data-widget_type=\"text-editor.default\">\n\t\t\t\t<div class=\"elementor-widget-container\">\n\t\t\t\t\t\t\t\t\t<ul><li>PO-0531 Biological and geo-chemical cycles (dr. Milena Horvat)<\/li><li>PO-0532 Radiochemistry and radio-ecology (dr. Ljudmila Benedik)<\/li><li>PO-014  Experimental physics of basic particles (dr. Marko Miku\u017e)<\/li><\/ul>\t\t\t\t\t\t\t\t<\/div>\n\t\t\t\t<\/div>\n\t\t\t\t\t<\/div>\n\t\t<\/div>\n\t\t\t\t\t<\/div>\n\t\t<\/section>\n\t\t\t\t<section class=\"elementor-section elementor-top-section elementor-element elementor-element-3c468da elementor-section-boxed elementor-section-height-default elementor-section-height-default\" data-id=\"3c468da\" data-element_type=\"section\" data-e-type=\"section\">\n\t\t\t\t\t\t<div class=\"elementor-container elementor-column-gap-default\">\n\t\t\t\t\t<div class=\"elementor-column elementor-col-100 elementor-top-column elementor-element elementor-element-8641eaa\" data-id=\"8641eaa\" data-element_type=\"column\" data-e-type=\"column\">\n\t\t\t<div class=\"elementor-widget-wrap elementor-element-populated\">\n\t\t\t\t\t\t<div class=\"elementor-element elementor-element-36994b1 elementor-widget elementor-widget-heading\" data-id=\"36994b1\" data-element_type=\"widget\" data-e-type=\"widget\" data-widget_type=\"heading.default\">\n\t\t\t\t<div class=\"elementor-widget-container\">\n\t\t\t\t\t<h6 class=\"elementor-heading-title elementor-size-default\">Main national research projects:<\/h6>\t\t\t\t<\/div>\n\t\t\t\t<\/div>\n\t\t\t\t\t<\/div>\n\t\t<\/div>\n\t\t\t\t\t<\/div>\n\t\t<\/section>\n\t\t\t\t<section class=\"elementor-section elementor-top-section elementor-element elementor-element-b3b1360 elementor-section-boxed elementor-section-height-default elementor-section-height-default\" data-id=\"b3b1360\" data-element_type=\"section\" data-e-type=\"section\">\n\t\t\t\t\t\t<div class=\"elementor-container elementor-column-gap-default\">\n\t\t\t\t\t<div class=\"elementor-column elementor-col-100 elementor-top-column elementor-element elementor-element-a53dce4\" data-id=\"a53dce4\" data-element_type=\"column\" data-e-type=\"column\">\n\t\t\t<div class=\"elementor-widget-wrap elementor-element-populated\">\n\t\t\t\t\t\t<div class=\"elementor-element elementor-element-43147ea elementor-widget elementor-widget-text-editor\" data-id=\"43147ea\" data-element_type=\"widget\" data-e-type=\"widget\" data-widget_type=\"text-editor.default\">\n\t\t\t\t<div class=\"elementor-widget-container\">\n\t\t\t\t\t\t\t\t\t<ul><li>neutron activation analysis<\/li><li>environmental studies: determination of heavy metals by activation analysis<\/li><li>testing of radiation resistant LED and LED luminaire components in collaboration with domestic industry (<a href=\"http:\/\/www.dito-lighting.com\/\" target=\"_blank\" rel=\"noopener\">DITO d.o.o.<\/a>)<\/li><li>development of radio-chemical analytical methods<\/li><li>activation of concrete and other components of radiological shield for planning dismantling and decommissioning of reactors<\/li><li>optimization of reactor operation and utilization<\/li><li>determination of safety related reactor parameters for safety analysis<\/li><li>development of new methods for improving nuclear safety<\/li><li>radiation damage in reactor materials<\/li><li>research and development in (neutron) dosimetry<\/li><li>new experimental methods for research and power reactors<\/li><li>use of irradiated fuel elements as strong gamma source<\/li><li>seed irradiation for genetic studies in agronomy<\/li><\/ul>\t\t\t\t\t\t\t\t<\/div>\n\t\t\t\t<\/div>\n\t\t\t\t\t<\/div>\n\t\t<\/div>\n\t\t\t\t\t<\/div>\n\t\t<\/section>\n\t\t\t\t<section class=\"elementor-section elementor-top-section elementor-element elementor-element-c70a2ef elementor-section-boxed elementor-section-height-default elementor-section-height-default\" data-id=\"c70a2ef\" data-element_type=\"section\" data-e-type=\"section\">\n\t\t\t\t\t\t<div class=\"elementor-container elementor-column-gap-default\">\n\t\t\t\t\t<div class=\"elementor-column elementor-col-100 elementor-top-column elementor-element elementor-element-5a42961\" data-id=\"5a42961\" data-element_type=\"column\" data-e-type=\"column\">\n\t\t\t<div class=\"elementor-widget-wrap elementor-element-populated\">\n\t\t\t\t\t\t<div class=\"elementor-element elementor-element-17e41b1 elementor-widget elementor-widget-heading\" data-id=\"17e41b1\" data-element_type=\"widget\" data-e-type=\"widget\" data-widget_type=\"heading.default\">\n\t\t\t\t<div class=\"elementor-widget-container\">\n\t\t\t\t\t<h6 class=\"elementor-heading-title elementor-size-default\">Main international research projects:<\/h6>\t\t\t\t<\/div>\n\t\t\t\t<\/div>\n\t\t\t\t\t<\/div>\n\t\t<\/div>\n\t\t\t\t\t<\/div>\n\t\t<\/section>\n\t\t\t\t<section class=\"elementor-section elementor-top-section elementor-element elementor-element-c84dfd0 elementor-section-boxed elementor-section-height-default elementor-section-height-default\" data-id=\"c84dfd0\" data-element_type=\"section\" data-e-type=\"section\">\n\t\t\t\t\t\t<div class=\"elementor-container elementor-column-gap-default\">\n\t\t\t\t\t<div class=\"elementor-column elementor-col-100 elementor-top-column elementor-element elementor-element-302af3d\" data-id=\"302af3d\" data-element_type=\"column\" data-e-type=\"column\">\n\t\t\t<div class=\"elementor-widget-wrap elementor-element-populated\">\n\t\t\t\t\t\t<div class=\"elementor-element elementor-element-a04f7ab elementor-widget elementor-widget-text-editor\" data-id=\"a04f7ab\" data-element_type=\"widget\" data-e-type=\"widget\" data-widget_type=\"text-editor.default\">\n\t\t\t\t<div class=\"elementor-widget-container\">\n\t\t\t\t\t\t\t\t\t<ul>\n<li>radiation damage in semiconductors for neutron detectors in particle colliders, Collaboration ATLAS, CERN<\/li>\n<li>irradiation of high temperature superconductors (magnesium boride), Institute Rudjer Bo\u0161kovi\u0107, Zagreb<\/li>\n\n<\/ul>\t\t\t\t\t\t\t\t<\/div>\n\t\t\t\t<\/div>\n\t\t\t\t\t<\/div>\n\t\t<\/div>\n\t\t\t\t\t<\/div>\n\t\t<\/section>\n\t\t\t\t<section class=\"elementor-section elementor-top-section elementor-element elementor-element-91e8707 elementor-section-boxed elementor-section-height-default elementor-section-height-default\" data-id=\"91e8707\" data-element_type=\"section\" data-e-type=\"section\">\n\t\t\t\t\t\t<div class=\"elementor-container elementor-column-gap-default\">\n\t\t\t\t\t<div class=\"elementor-column elementor-col-100 elementor-top-column elementor-element elementor-element-ae9eee6\" data-id=\"ae9eee6\" data-element_type=\"column\" data-e-type=\"column\">\n\t\t\t<div class=\"elementor-widget-wrap elementor-element-populated\">\n\t\t\t\t\t\t<div class=\"elementor-element elementor-element-a125733 elementor-widget elementor-widget-heading\" data-id=\"a125733\" data-element_type=\"widget\" data-e-type=\"widget\" data-widget_type=\"heading.default\">\n\t\t\t\t<div class=\"elementor-widget-container\">\n\t\t\t\t\t<h3 class=\"elementor-heading-title elementor-size-default\">Training<\/h3>\t\t\t\t<\/div>\n\t\t\t\t<\/div>\n\t\t\t\t\t<\/div>\n\t\t<\/div>\n\t\t\t\t\t<\/div>\n\t\t<\/section>\n\t\t\t\t<section class=\"elementor-section elementor-top-section elementor-element elementor-element-3028fc7 elementor-section-boxed elementor-section-height-default elementor-section-height-default\" data-id=\"3028fc7\" data-element_type=\"section\" data-e-type=\"section\">\n\t\t\t\t\t\t<div class=\"elementor-container elementor-column-gap-default\">\n\t\t\t\t\t<div class=\"elementor-column elementor-col-100 elementor-top-column elementor-element elementor-element-a8e4fe7\" data-id=\"a8e4fe7\" data-element_type=\"column\" data-e-type=\"column\">\n\t\t\t<div class=\"elementor-widget-wrap elementor-element-populated\">\n\t\t\t\t\t\t<div class=\"elementor-element elementor-element-f0cdded elementor-widget elementor-widget-text-editor\" data-id=\"f0cdded\" data-element_type=\"widget\" data-e-type=\"widget\" data-widget_type=\"text-editor.default\">\n\t\t\t\t<div class=\"elementor-widget-container\">\n\t\t\t\t\t\t\t\t\t<ul><li>several Ph.D. works<\/li><li>practical exercises within the scope of Kr\u0161ko NPP operator training program (in cooperation with IJS <a href=\"http:\/\/www.icjt.org\" target=\"_blank\" rel=\"noopener\">Nuclear Training Center, ICJT)<\/a>)<\/li><li>practical exercises for graduate and post-graduate students of physics and nuclear engineering (Faculty of Mathematics and Physics, Ljubljana University)<\/li><li>practical exercises as part of international and IAEA training courses<\/li><li>on the job training (IAEA trainees)<\/li><li>visualization of reactor calculations (<a href=\"http:\/\/www.rcp.ijs.si\/ric\/3D\/3D_home.html\" target=\"_blank\" rel=\"noopener\"><a href=\"http:\/\/www.rcp.ijs.si\/ric\/3D\/3D_physics.html\" target=\"\u201d_blank\u201d\">3D visualisations<\/a><\/a>)<\/li><\/ul>\t\t\t\t\t\t\t\t<\/div>\n\t\t\t\t<\/div>\n\t\t\t\t\t<\/div>\n\t\t<\/div>\n\t\t\t\t\t<\/div>\n\t\t<\/section>\n\t\t\t\t<section class=\"elementor-section elementor-top-section elementor-element elementor-element-66b4d8d elementor-section-boxed elementor-section-height-default elementor-section-height-default\" data-id=\"66b4d8d\" data-element_type=\"section\" data-e-type=\"section\">\n\t\t\t\t\t\t<div class=\"elementor-container elementor-column-gap-default\">\n\t\t\t\t\t<div class=\"elementor-column elementor-col-100 elementor-top-column elementor-element elementor-element-8b6a40d\" data-id=\"8b6a40d\" data-element_type=\"column\" data-e-type=\"column\">\n\t\t\t<div class=\"elementor-widget-wrap elementor-element-populated\">\n\t\t\t\t\t\t<div class=\"elementor-element elementor-element-1a810be elementor-widget elementor-widget-heading\" data-id=\"1a810be\" data-element_type=\"widget\" data-e-type=\"widget\" data-widget_type=\"heading.default\">\n\t\t\t\t<div class=\"elementor-widget-container\">\n\t\t\t\t\t<h3 class=\"elementor-heading-title elementor-size-default\">Practical applications<\/h3>\t\t\t\t<\/div>\n\t\t\t\t<\/div>\n\t\t\t\t\t<\/div>\n\t\t<\/div>\n\t\t\t\t\t<\/div>\n\t\t<\/section>\n\t\t\t\t<section class=\"elementor-section elementor-top-section elementor-element elementor-element-d5916c8 elementor-section-boxed elementor-section-height-default elementor-section-height-default\" data-id=\"d5916c8\" data-element_type=\"section\" data-e-type=\"section\">\n\t\t\t\t\t\t<div class=\"elementor-container elementor-column-gap-default\">\n\t\t\t\t\t<div class=\"elementor-column elementor-col-100 elementor-top-column elementor-element elementor-element-399511e\" data-id=\"399511e\" data-element_type=\"column\" data-e-type=\"column\">\n\t\t\t<div class=\"elementor-widget-wrap elementor-element-populated\">\n\t\t\t\t\t\t<div class=\"elementor-element elementor-element-4a188d4 elementor-widget elementor-widget-text-editor\" data-id=\"4a188d4\" data-element_type=\"widget\" data-e-type=\"widget\" data-widget_type=\"text-editor.default\">\n\t\t\t\t<div class=\"elementor-widget-container\">\n\t\t\t\t\t\t\t\t\t<ul><li>surveillance of refueling in Kr\u0161ko NPP (fuel shuffling, core loading, physical tests)<\/li><li>equipment testing and training of team for performing physical tests<\/li><li>irradiation, manufacturing and servicing of industrial sealed sources<\/li><li>co-operation at radiological interventions and in other activities of the Ecological Laboratory with Mobile Unit (ELMU)<\/li><\/ul>\t\t\t\t\t\t\t\t<\/div>\n\t\t\t\t<\/div>\n\t\t\t\t\t<\/div>\n\t\t<\/div>\n\t\t\t\t\t<\/div>\n\t\t<\/section>\n\t\t\t\t<\/div>","protected":false},"excerpt":{"rendered":"<p>Osnovni namen RIC je obratovanje reaktorja za raziskave in \u0161olanje, ki jih izvajajo razli\u010dni raziskovalci z IJS ali od drugod. Sodelavci RIC sodelujejo tudi pri razli\u010dnih drugih delih na IJS ali izven njega, pri katerih se zahteva usposobljenost za delo<\/p>","protected":false},"author":1,"featured_media":0,"parent":0,"menu_order":0,"comment_status":"closed","ping_status":"closed","template":"","meta":{"footnotes":""},"class_list":["post-36","page","type-page","status-publish","hentry","","tg-column-two"],"_links":{"self":[{"href":"https:\/\/ric.ijs.si\/en\/wp-json\/wp\/v2\/pages\/36","targetHints":{"allow":["GET"]}}],"collection":[{"href":"https:\/\/ric.ijs.si\/en\/wp-json\/wp\/v2\/pages"}],"about":[{"href":"https:\/\/ric.ijs.si\/en\/wp-json\/wp\/v2\/types\/page"}],"author":[{"embeddable":true,"href":"https:\/\/ric.ijs.si\/en\/wp-json\/wp\/v2\/users\/1"}],"replies":[{"embeddable":true,"href":"https:\/\/ric.ijs.si\/en\/wp-json\/wp\/v2\/comments?post=36"}],"version-history":[{"count":25,"href":"https:\/\/ric.ijs.si\/en\/wp-json\/wp\/v2\/pages\/36\/revisions"}],"predecessor-version":[{"id":3628,"href":"https:\/\/ric.ijs.si\/en\/wp-json\/wp\/v2\/pages\/36\/revisions\/3628"}],"wp:attachment":[{"href":"https:\/\/ric.ijs.si\/en\/wp-json\/wp\/v2\/media?parent=36"}],"curies":[{"name":"wp","href":"https:\/\/api.w.org\/{rel}","templated":true}]}}