{"id":34,"date":"2018-05-29T08:18:51","date_gmt":"2018-05-29T06:18:51","guid":{"rendered":"https:\/\/ric.ijs.si\/?page_id=34"},"modified":"2021-05-16T21:24:01","modified_gmt":"2021-05-16T19:24:01","slug":"ovc","status":"publish","type":"page","link":"https:\/\/ric.ijs.si\/en\/ovc\/","title":{"rendered":"Hot Cells Facility"},"content":{"rendered":"<div data-elementor-type=\"wp-post\" data-elementor-id=\"34\" class=\"elementor elementor-34\" data-elementor-post-type=\"page\">\n\t\t\t\t\t\t<section class=\"elementor-section elementor-top-section elementor-element elementor-element-fa39899 elementor-section-boxed elementor-section-height-default elementor-section-height-default\" data-id=\"fa39899\" data-element_type=\"section\" data-e-type=\"section\">\n\t\t\t\t\t\t<div class=\"elementor-container elementor-column-gap-default\">\n\t\t\t\t\t<div class=\"elementor-column elementor-col-50 elementor-top-column elementor-element elementor-element-b27bf93\" data-id=\"b27bf93\" data-element_type=\"column\" data-e-type=\"column\">\n\t\t\t<div class=\"elementor-widget-wrap elementor-element-populated\">\n\t\t\t\t\t\t<div class=\"elementor-element elementor-element-ada635c elementor-widget elementor-widget-image\" data-id=\"ada635c\" data-element_type=\"widget\" data-e-type=\"widget\" data-widget_type=\"image.default\">\n\t\t\t\t<div class=\"elementor-widget-container\">\n\t\t\t\t\t\t\t\t\t\t\t\t\t\t\t<img fetchpriority=\"high\" decoding=\"async\" width=\"313\" height=\"467\" src=\"https:\/\/ric.ijs.si\/wp-content\/uploads\/OVC-1.jpg\" class=\"attachment-large size-large wp-image-2017\" alt=\"Objekt Vro\u010da Celica\" srcset=\"https:\/\/ric.ijs.si\/wp-content\/uploads\/OVC-1.jpg 313w, https:\/\/ric.ijs.si\/wp-content\/uploads\/OVC-1-201x300.jpg 201w, https:\/\/ric.ijs.si\/wp-content\/uploads\/OVC-1-8x12.jpg 8w\" sizes=\"(max-width: 313px) 100vw, 313px\" \/>\t\t\t\t\t\t\t\t\t\t\t\t\t\t\t<\/div>\n\t\t\t\t<\/div>\n\t\t\t\t\t<\/div>\n\t\t<\/div>\n\t\t\t\t<div class=\"elementor-column elementor-col-50 elementor-top-column elementor-element elementor-element-f4fe883\" data-id=\"f4fe883\" data-element_type=\"column\" data-e-type=\"column\">\n\t\t\t<div class=\"elementor-widget-wrap elementor-element-populated\">\n\t\t\t\t\t\t<div class=\"elementor-element elementor-element-c92850e elementor-widget elementor-widget-spacer\" data-id=\"c92850e\" data-element_type=\"widget\" data-e-type=\"widget\" data-widget_type=\"spacer.default\">\n\t\t\t\t<div class=\"elementor-widget-container\">\n\t\t\t\t\t\t\t<div class=\"elementor-spacer\">\n\t\t\t<div class=\"elementor-spacer-inner\"><\/div>\n\t\t<\/div>\n\t\t\t\t\t\t<\/div>\n\t\t\t\t<\/div>\n\t\t\t\t<div class=\"elementor-element elementor-element-e7db1fc elementor-widget elementor-widget-text-editor\" data-id=\"e7db1fc\" data-element_type=\"widget\" data-e-type=\"widget\" data-widget_type=\"text-editor.default\">\n\t\t\t\t<div class=\"elementor-widget-container\">\n\t\t\t\t\t\t\t\t\t<h5>Hot Cells Facility (Objekt Vro\u010da Celica, OVC) is intended for characterisation, sorting and treatment of radioactive materials.<\/h5>\t\t\t\t\t\t\t\t<\/div>\n\t\t\t\t<\/div>\n\t\t\t\t<div class=\"elementor-element elementor-element-c254ec1 elementor-widget elementor-widget-spacer\" data-id=\"c254ec1\" data-element_type=\"widget\" data-e-type=\"widget\" data-widget_type=\"spacer.default\">\n\t\t\t\t<div class=\"elementor-widget-container\">\n\t\t\t\t\t\t\t<div class=\"elementor-spacer\">\n\t\t\t<div class=\"elementor-spacer-inner\"><\/div>\n\t\t<\/div>\n\t\t\t\t\t\t<\/div>\n\t\t\t\t<\/div>\n\t\t\t\t<div class=\"elementor-element elementor-element-873c170 elementor-widget elementor-widget-text-editor\" data-id=\"873c170\" data-element_type=\"widget\" data-e-type=\"widget\" data-widget_type=\"text-editor.default\">\n\t\t\t\t<div class=\"elementor-widget-container\">\n\t\t\t\t\t\t\t\t\t<h5>The OVC comprises <strong>three rooms<\/strong>:<\/h5>\t\t\t\t\t\t\t\t<\/div>\n\t\t\t\t<\/div>\n\t\t\t\t<div class=\"elementor-element elementor-element-b38cfac elementor-widget elementor-widget-text-editor\" data-id=\"b38cfac\" data-element_type=\"widget\" data-e-type=\"widget\" data-widget_type=\"text-editor.default\">\n\t\t\t\t<div class=\"elementor-widget-container\">\n\t\t\t\t\t\t\t\t\t<ul><li><h5><span style=\"color: #3366ff;\">ROOM A:<\/span>\u00a0 \u00a0Manipulation room<\/h5><\/li><li><h5><span style=\"color: #3366ff;\">ROOM B:<\/span>\u00a0 \u00a0Central preparatory room<\/h5><\/li><li><h5><span style=\"color: #3366ff;\">ROOM C:<\/span>\u00a0 \u00a0Radiological measurements room<\/h5><\/li><\/ul>\t\t\t\t\t\t\t\t<\/div>\n\t\t\t\t<\/div>\n\t\t\t\t\t<\/div>\n\t\t<\/div>\n\t\t\t\t\t<\/div>\n\t\t<\/section>\n\t\t\t\t<section class=\"elementor-section elementor-top-section elementor-element elementor-element-1b0398f elementor-section-boxed elementor-section-height-default elementor-section-height-default\" data-id=\"1b0398f\" data-element_type=\"section\" data-e-type=\"section\">\n\t\t\t\t\t\t<div class=\"elementor-container elementor-column-gap-default\">\n\t\t\t\t\t<div class=\"elementor-column elementor-col-100 elementor-top-column elementor-element elementor-element-58bebd8\" data-id=\"58bebd8\" data-element_type=\"column\" data-e-type=\"column\">\n\t\t\t<div class=\"elementor-widget-wrap elementor-element-populated\">\n\t\t\t\t\t\t<div class=\"elementor-element elementor-element-a47b5c3 elementor-widget-divider--view-line elementor-widget elementor-widget-divider\" data-id=\"a47b5c3\" data-element_type=\"widget\" data-e-type=\"widget\" data-widget_type=\"divider.default\">\n\t\t\t\t<div class=\"elementor-widget-container\">\n\t\t\t\t\t\t\t<div class=\"elementor-divider\">\n\t\t\t<span class=\"elementor-divider-separator\">\n\t\t\t\t\t\t<\/span>\n\t\t<\/div>\n\t\t\t\t\t\t<\/div>\n\t\t\t\t<\/div>\n\t\t\t\t\t<\/div>\n\t\t<\/div>\n\t\t\t\t\t<\/div>\n\t\t<\/section>\n\t\t\t\t<section class=\"elementor-section elementor-top-section elementor-element elementor-element-acb7f28 elementor-section-boxed elementor-section-height-default elementor-section-height-default\" data-id=\"acb7f28\" data-element_type=\"section\" data-e-type=\"section\">\n\t\t\t\t\t\t<div class=\"elementor-container elementor-column-gap-default\">\n\t\t\t\t\t<div class=\"elementor-column elementor-col-50 elementor-top-column elementor-element elementor-element-66cee06\" data-id=\"66cee06\" data-element_type=\"column\" data-e-type=\"column\">\n\t\t\t<div class=\"elementor-widget-wrap elementor-element-populated\">\n\t\t\t\t\t\t<div class=\"elementor-element elementor-element-a975f62 elementor-widget elementor-widget-text-editor\" data-id=\"a975f62\" data-element_type=\"widget\" data-e-type=\"widget\" data-widget_type=\"text-editor.default\">\n\t\t\t\t<div class=\"elementor-widget-container\">\n\t\t\t\t\t\t\t\t\t<p>V <span style=\"color: #3366ff;\"><strong>Room B<\/strong><\/span> comprises <strong>two hot cells VC1<\/strong> and<strong> VC2<\/strong> , and <strong>eight digestors (D1 \u2013 D8)<\/strong>. Between the hot cells there is a depository for solid radioactive materials with 32 positions (dimensions \u03a6 100 mm x 100-250 mm). <strong>VC1<\/strong> and <strong>digestors D1 \u2013 D4<\/strong> se uporabljajo za delo z radioaktivnimi viri; dostop je iz <span style=\"color: #3366ff;\"><strong>the manipulation room A<\/strong><\/span>. <strong>VC2<\/strong> presently serves as a radioactive material storage. Otherwise it can be upgraded for work with radioactive sources <strong><span style=\"color: #3366ff;\">from the radiological measurements room C<\/span><\/strong>. The remaining four digestors (<strong>D5 \u2013 D8<\/strong>), located within the radiological measurements room C, are used for various measurements. All rooms are under continuous radiological surveillance.<\/p>\t\t\t\t\t\t\t\t<\/div>\n\t\t\t\t<\/div>\n\t\t\t\t<div class=\"elementor-element elementor-element-a03da51 elementor-widget elementor-widget-spacer\" data-id=\"a03da51\" data-element_type=\"widget\" data-e-type=\"widget\" data-widget_type=\"spacer.default\">\n\t\t\t\t<div class=\"elementor-widget-container\">\n\t\t\t\t\t\t\t<div class=\"elementor-spacer\">\n\t\t\t<div class=\"elementor-spacer-inner\"><\/div>\n\t\t<\/div>\n\t\t\t\t\t\t<\/div>\n\t\t\t\t<\/div>\n\t\t\t\t<div class=\"elementor-element elementor-element-c7e9a99 elementor-widget elementor-widget-heading\" data-id=\"c7e9a99\" data-element_type=\"widget\" data-e-type=\"widget\" data-widget_type=\"heading.default\">\n\t\t\t\t<div class=\"elementor-widget-container\">\n\t\t\t\t\t<h5 class=\"elementor-heading-title elementor-size-default\">Hot cells and digestors usage and equipment available<\/h5>\t\t\t\t<\/div>\n\t\t\t\t<\/div>\n\t\t\t\t<div class=\"elementor-element elementor-element-60707d5 elementor-widget elementor-widget-text-editor\" data-id=\"60707d5\" data-element_type=\"widget\" data-e-type=\"widget\" data-widget_type=\"text-editor.default\">\n\t\t\t\t<div class=\"elementor-widget-container\">\n\t\t\t\t\t\t\t\t\t<ul>\n \t<li>VC1 is connected with the TRIGA reactor via pneumatic system for transferring irradiated samples. It is equipped with a device for the opening of irradiation containers and master-slave manipulators for handling radioactive sources. It is designed to work with activities of up to 1000 Ci (Co-60).<\/li>\n \t<li>VC2 is intended for storing radioactive sources with activities of up to 1000 Ci (Co-60).\n<\/li>\n \t<li>D1 and D2 are equipped with manipulators and intended to manipulate sources with activities of up to 10 Ci (Co-60).\n<\/li>\n \t<li>D3 and D4 are intended to manipulate sources with activities of up to 0.1 Ci (Co-60).\n<\/li>\n \t<li>D5 \u2013 D8 are intended for carrying out radiological measurements.\n<\/li>\n<\/ul>\t\t\t\t\t\t\t\t<\/div>\n\t\t\t\t<\/div>\n\t\t\t\t<div class=\"elementor-element elementor-element-5b5280d elementor-widget elementor-widget-spacer\" data-id=\"5b5280d\" data-element_type=\"widget\" data-e-type=\"widget\" data-widget_type=\"spacer.default\">\n\t\t\t\t<div class=\"elementor-widget-container\">\n\t\t\t\t\t\t\t<div class=\"elementor-spacer\">\n\t\t\t<div class=\"elementor-spacer-inner\"><\/div>\n\t\t<\/div>\n\t\t\t\t\t\t<\/div>\n\t\t\t\t<\/div>\n\t\t\t\t<div class=\"elementor-element elementor-element-264e0e9 elementor-widget elementor-widget-heading\" data-id=\"264e0e9\" data-element_type=\"widget\" data-e-type=\"widget\" data-widget_type=\"heading.default\">\n\t\t\t\t<div class=\"elementor-widget-container\">\n\t\t\t\t\t<h5 class=\"elementor-heading-title elementor-size-default\">Equipment available at OVC<\/h5>\t\t\t\t<\/div>\n\t\t\t\t<\/div>\n\t\t\t\t<div class=\"elementor-element elementor-element-9dccd4d elementor-widget elementor-widget-text-editor\" data-id=\"9dccd4d\" data-element_type=\"widget\" data-e-type=\"widget\" data-widget_type=\"text-editor.default\">\n\t\t\t\t<div class=\"elementor-widget-container\">\n\t\t\t\t\t\t\t\t\t<ul>\n \t<li>Crane with load capacity of 3.5 tons<\/li>\n \t<li>Ultrasonic decontamination bath (dimensions 500 x 400 x 400 mm)<\/li>\n \t<li>Hidraulic press for compacting materials in standard 210 L casks<\/li>\n \t<li>Portable booth made from PVC-film strengthened poliester (dimensions 4 x 2.5 x 2.5 m)<\/li>\n \t<li>Mobile vacuum cleaner with HEPA filtration<\/li>\n \t<li>Electrical shears (for cutting 0.9 mm thick plates)<\/li>\n \t<li>Forklift truck with load capacity 1.5 tons<\/li>\n \t<li>Electronic balance with a load capacity 150 kg<\/li>\n<\/ul>\t\t\t\t\t\t\t\t<\/div>\n\t\t\t\t<\/div>\n\t\t\t\t<div class=\"elementor-element elementor-element-70dd83b elementor-widget elementor-widget-spacer\" data-id=\"70dd83b\" data-element_type=\"widget\" data-e-type=\"widget\" data-widget_type=\"spacer.default\">\n\t\t\t\t<div class=\"elementor-widget-container\">\n\t\t\t\t\t\t\t<div class=\"elementor-spacer\">\n\t\t\t<div class=\"elementor-spacer-inner\"><\/div>\n\t\t<\/div>\n\t\t\t\t\t\t<\/div>\n\t\t\t\t<\/div>\n\t\t\t\t<div class=\"elementor-element elementor-element-5d796bb elementor-widget elementor-widget-heading\" data-id=\"5d796bb\" data-element_type=\"widget\" data-e-type=\"widget\" data-widget_type=\"heading.default\">\n\t\t\t\t<div class=\"elementor-widget-container\">\n\t\t\t\t\t<h5 class=\"elementor-heading-title elementor-size-default\">Equipment for radiological characterisation<\/h5>\t\t\t\t<\/div>\n\t\t\t\t<\/div>\n\t\t\t\t<div class=\"elementor-element elementor-element-710a26d elementor-widget elementor-widget-text-editor\" data-id=\"710a26d\" data-element_type=\"widget\" data-e-type=\"widget\" data-widget_type=\"text-editor.default\">\n\t\t\t\t<div class=\"elementor-widget-container\">\n\t\t\t\t\t\t\t\t\t<ul>\n<li>Alpha spectrometer (six semiconductor detectors with a diameter of 2.4 cm)<\/li>\n<li>Low level alpha-beta counter (eight proportional detectors for samples with a diameter of up to 5.2 cm<\/li>\n<li>Gamma spectrometer for objects radiological characterisation (40% relative efficiency)<\/li>\n<li>Total alpha-beta counter for smears and filters (samples with diameters of up to 6 cm)<\/li>\n<\/ul>\t\t\t\t\t\t\t\t<\/div>\n\t\t\t\t<\/div>\n\t\t\t\t\t<\/div>\n\t\t<\/div>\n\t\t\t\t<div class=\"elementor-column elementor-col-50 elementor-top-column elementor-element elementor-element-aaa54a1\" data-id=\"aaa54a1\" data-element_type=\"column\" data-e-type=\"column\">\n\t\t\t<div class=\"elementor-widget-wrap elementor-element-populated\">\n\t\t\t\t\t\t<div class=\"elementor-element elementor-element-b4c835a elementor-widget elementor-widget-image-gallery\" data-id=\"b4c835a\" data-element_type=\"widget\" data-e-type=\"widget\" data-widget_type=\"image-gallery.default\">\n\t\t\t\t<div class=\"elementor-widget-container\">\n\t\t\t\t\t\t\t<div class=\"elementor-image-gallery\">\n\t\t\t<div data-carousel-extra='{\"blog_id\":1,\"permalink\":\"https:\\\/\\\/ric.ijs.si\\\/ovc\\\/\"}' id='gallery-1' class='gallery galleryid-34 gallery-columns-1 gallery-size-full'><figure class='gallery-item'>\n\t\t\t<div class='gallery-icon landscape'>\n\t\t\t\t<a data-elementor-open-lightbox=\"yes\" data-elementor-lightbox-slideshow=\"b4c835a\" data-elementor-lightbox-title=\"OVC-A\" data-elementor-lightbox-description=\"Manipulativni prostor OVC (A)\" data-e-action-hash=\"#elementor-action%3Aaction%3Dlightbox%26settings%3DeyJpZCI6MjAwMywidXJsIjoiaHR0cHM6XC9cL3JpYy5panMuc2lcL3dwLWNvbnRlbnRcL3VwbG9hZHNcL09WQy1BLmdpZiIsInNsaWRlc2hvdyI6ImI0YzgzNWEifQ%3D%3D\" href='https:\/\/ric.ijs.si\/wp-content\/uploads\/OVC-A.gif'><img decoding=\"async\" data-attachment-id=\"2003\" data-orig-file=\"https:\/\/ric.ijs.si\/wp-content\/uploads\/OVC-A.gif\" data-orig-size=\"1030,683\" data-comments-opened=\"1\" data-image-meta=\"{&quot;aperture&quot;:&quot;0&quot;,&quot;credit&quot;:&quot;&quot;,&quot;camera&quot;:&quot;&quot;,&quot;caption&quot;:&quot;&quot;,&quot;created_timestamp&quot;:&quot;0&quot;,&quot;copyright&quot;:&quot;&quot;,&quot;focal_length&quot;:&quot;0&quot;,&quot;iso&quot;:&quot;0&quot;,&quot;shutter_speed&quot;:&quot;0&quot;,&quot;title&quot;:&quot;&quot;,&quot;orientation&quot;:&quot;0&quot;,&quot;keywords&quot;:&quot;Array&quot;}\" data-image-title=\"OVC-A\" data-image-description=\"&lt;p&gt;Manipulativni prostor OVC (A)&lt;\/p&gt;\" data-medium-file=\"https:\/\/ric.ijs.si\/wp-content\/uploads\/OVC-A-300x199.gif\" data-large-file=\"https:\/\/ric.ijs.si\/wp-content\/uploads\/OVC-A-1024x679.gif\" width=\"1030\" height=\"683\" src=\"https:\/\/ric.ijs.si\/wp-content\/uploads\/OVC-A.gif\" class=\"attachment-full size-full\" alt=\"Manipulativni prostor OVC (A)\" aria-describedby=\"gallery-1-2003\" \/><\/a>\n\t\t\t<\/div>\n\t\t\t\t<figcaption class='wp-caption-text gallery-caption' id='gallery-1-2003'>\n\t\t\t\tManipulativni prostor OVC (A)\n\t\t\t\t<\/figcaption><\/figure><figure class='gallery-item'>\n\t\t\t<div class='gallery-icon landscape'>\n\t\t\t\t<a data-elementor-open-lightbox=\"yes\" data-elementor-lightbox-slideshow=\"b4c835a\" data-elementor-lightbox-title=\"OVC-B\" data-elementor-lightbox-description=\"Osrednji pripravljalni prostor OVC (B)\" data-e-action-hash=\"#elementor-action%3Aaction%3Dlightbox%26settings%3DeyJpZCI6MjAwNCwidXJsIjoiaHR0cHM6XC9cL3JpYy5panMuc2lcL3dwLWNvbnRlbnRcL3VwbG9hZHNcL09WQy1CLmdpZiIsInNsaWRlc2hvdyI6ImI0YzgzNWEifQ%3D%3D\" href='https:\/\/ric.ijs.si\/wp-content\/uploads\/OVC-B.gif'><img decoding=\"async\" data-attachment-id=\"2004\" data-orig-file=\"https:\/\/ric.ijs.si\/wp-content\/uploads\/OVC-B.gif\" data-orig-size=\"990,658\" data-comments-opened=\"1\" data-image-meta=\"{&quot;aperture&quot;:&quot;0&quot;,&quot;credit&quot;:&quot;&quot;,&quot;camera&quot;:&quot;&quot;,&quot;caption&quot;:&quot;&quot;,&quot;created_timestamp&quot;:&quot;0&quot;,&quot;copyright&quot;:&quot;&quot;,&quot;focal_length&quot;:&quot;0&quot;,&quot;iso&quot;:&quot;0&quot;,&quot;shutter_speed&quot;:&quot;0&quot;,&quot;title&quot;:&quot;&quot;,&quot;orientation&quot;:&quot;0&quot;,&quot;keywords&quot;:&quot;Array&quot;}\" data-image-title=\"OVC-B\" data-image-description=\"&lt;p&gt;Osrednji pripravljalni prostor OVC (B)&lt;\/p&gt;\" data-medium-file=\"https:\/\/ric.ijs.si\/wp-content\/uploads\/OVC-B-300x199.gif\" data-large-file=\"https:\/\/ric.ijs.si\/wp-content\/uploads\/OVC-B.gif\" width=\"990\" height=\"658\" src=\"https:\/\/ric.ijs.si\/wp-content\/uploads\/OVC-B.gif\" class=\"attachment-full size-full\" alt=\"Osrednji pripravljalni prostor OVC (B)\" aria-describedby=\"gallery-1-2004\" \/><\/a>\n\t\t\t<\/div>\n\t\t\t\t<figcaption class='wp-caption-text gallery-caption' id='gallery-1-2004'>\n\t\t\t\tOsrednji pripravljalni prostor OVC (B)\n\t\t\t\t<\/figcaption><\/figure><figure class='gallery-item'>\n\t\t\t<div class='gallery-icon landscape'>\n\t\t\t\t<a data-elementor-open-lightbox=\"yes\" data-elementor-lightbox-slideshow=\"b4c835a\" data-elementor-lightbox-title=\"OVC-C\" data-elementor-lightbox-description=\"Stiskalnica z mobilnim odsesovalnim modulom\" data-e-action-hash=\"#elementor-action%3Aaction%3Dlightbox%26settings%3DeyJpZCI6MjAwNSwidXJsIjoiaHR0cHM6XC9cL3JpYy5panMuc2lcL3dwLWNvbnRlbnRcL3VwbG9hZHNcL09WQy1DLmdpZiIsInNsaWRlc2hvdyI6ImI0YzgzNWEifQ%3D%3D\" href='https:\/\/ric.ijs.si\/wp-content\/uploads\/OVC-C.gif'><img loading=\"lazy\" decoding=\"async\" data-attachment-id=\"2005\" data-orig-file=\"https:\/\/ric.ijs.si\/wp-content\/uploads\/OVC-C.gif\" data-orig-size=\"971,644\" data-comments-opened=\"1\" data-image-meta=\"{&quot;aperture&quot;:&quot;0&quot;,&quot;credit&quot;:&quot;&quot;,&quot;camera&quot;:&quot;&quot;,&quot;caption&quot;:&quot;&quot;,&quot;created_timestamp&quot;:&quot;0&quot;,&quot;copyright&quot;:&quot;&quot;,&quot;focal_length&quot;:&quot;0&quot;,&quot;iso&quot;:&quot;0&quot;,&quot;shutter_speed&quot;:&quot;0&quot;,&quot;title&quot;:&quot;&quot;,&quot;orientation&quot;:&quot;0&quot;,&quot;keywords&quot;:&quot;Array&quot;}\" data-image-title=\"OVC-C\" data-image-description=\"&lt;p&gt;Stiskalnica z mobilnim odsesovalnim modulom&lt;\/p&gt;\" data-medium-file=\"https:\/\/ric.ijs.si\/wp-content\/uploads\/OVC-C-300x199.gif\" data-large-file=\"https:\/\/ric.ijs.si\/wp-content\/uploads\/OVC-C.gif\" width=\"971\" height=\"644\" src=\"https:\/\/ric.ijs.si\/wp-content\/uploads\/OVC-C.gif\" class=\"attachment-full size-full\" alt=\"Stiskalnica z mobilnim odsesovalnim modulom\" aria-describedby=\"gallery-1-2005\" \/><\/a>\n\t\t\t<\/div>\n\t\t\t\t<figcaption class='wp-caption-text gallery-caption' id='gallery-1-2005'>\n\t\t\t\tStiskalnica z mobilnim odsesovalnim modulom\n\t\t\t\t<\/figcaption><\/figure>\n\t\t<\/div>\n\t\t<\/div>\n\t\t\t\t\t\t<\/div>\n\t\t\t\t<\/div>\n\t\t\t\t\t<\/div>\n\t\t<\/div>\n\t\t\t\t\t<\/div>\n\t\t<\/section>\n\t\t\t\t<section class=\"elementor-section elementor-top-section elementor-element elementor-element-5b84564 elementor-section-boxed elementor-section-height-default elementor-section-height-default\" data-id=\"5b84564\" data-element_type=\"section\" data-e-type=\"section\">\n\t\t\t\t\t\t<div class=\"elementor-container elementor-column-gap-default\">\n\t\t\t\t\t<div class=\"elementor-column elementor-col-100 elementor-top-column elementor-element elementor-element-411b9a8\" data-id=\"411b9a8\" data-element_type=\"column\" data-e-type=\"column\">\n\t\t\t<div class=\"elementor-widget-wrap elementor-element-populated\">\n\t\t\t\t\t\t<div class=\"elementor-element elementor-element-37f4723 elementor-widget-divider--view-line elementor-widget elementor-widget-divider\" data-id=\"37f4723\" data-element_type=\"widget\" data-e-type=\"widget\" data-widget_type=\"divider.default\">\n\t\t\t\t<div class=\"elementor-widget-container\">\n\t\t\t\t\t\t\t<div class=\"elementor-divider\">\n\t\t\t<span class=\"elementor-divider-separator\">\n\t\t\t\t\t\t<\/span>\n\t\t<\/div>\n\t\t\t\t\t\t<\/div>\n\t\t\t\t<\/div>\n\t\t\t\t\t<\/div>\n\t\t<\/div>\n\t\t\t\t\t<\/div>\n\t\t<\/section>\n\t\t\t\t<section class=\"elementor-section elementor-top-section elementor-element elementor-element-a98d696 elementor-section-boxed elementor-section-height-default elementor-section-height-default\" data-id=\"a98d696\" data-element_type=\"section\" data-e-type=\"section\">\n\t\t\t\t\t\t<div class=\"elementor-container elementor-column-gap-default\">\n\t\t\t\t\t<div class=\"elementor-column elementor-col-100 elementor-top-column elementor-element elementor-element-67bf231\" data-id=\"67bf231\" data-element_type=\"column\" data-e-type=\"column\">\n\t\t\t<div class=\"elementor-widget-wrap elementor-element-populated\">\n\t\t\t\t\t\t<div class=\"elementor-element elementor-element-2fa07dc elementor-widget elementor-widget-heading\" data-id=\"2fa07dc\" data-element_type=\"widget\" data-e-type=\"widget\" data-widget_type=\"heading.default\">\n\t\t\t\t<div class=\"elementor-widget-container\">\n\t\t\t\t\t<h5 class=\"elementor-heading-title elementor-size-default\">Basic information<\/h5>\t\t\t\t<\/div>\n\t\t\t\t<\/div>\n\t\t\t\t\t<\/div>\n\t\t<\/div>\n\t\t\t\t\t<\/div>\n\t\t<\/section>\n\t\t\t\t<section class=\"elementor-section elementor-top-section elementor-element elementor-element-e3f7995 elementor-section-boxed elementor-section-height-default elementor-section-height-default\" data-id=\"e3f7995\" data-element_type=\"section\" data-e-type=\"section\">\n\t\t\t\t\t\t<div class=\"elementor-container elementor-column-gap-default\">\n\t\t\t\t\t<div class=\"elementor-column elementor-col-33 elementor-top-column elementor-element elementor-element-7a8ba36\" data-id=\"7a8ba36\" data-element_type=\"column\" data-e-type=\"column\">\n\t\t\t<div class=\"elementor-widget-wrap elementor-element-populated\">\n\t\t\t\t\t\t<div class=\"elementor-element elementor-element-68fcf4b elementor-widget elementor-widget-text-editor\" data-id=\"68fcf4b\" data-element_type=\"widget\" data-e-type=\"widget\" data-widget_type=\"text-editor.default\">\n\t\t\t\t<div class=\"elementor-widget-container\">\n\t\t\t\t\t\t\t\t\t<h6>Location:<\/h6>\nJo\u017eef Stefan Institute (JSI)<br>\nReactor Infrastructure Centre<br>\nBrinje 40<br>\nSI-1262 Dol pri Ljubljani, Slovenia, Europe\t\t\t\t\t\t\t\t<\/div>\n\t\t\t\t<\/div>\n\t\t\t\t\t<\/div>\n\t\t<\/div>\n\t\t\t\t<div class=\"elementor-column elementor-col-33 elementor-top-column elementor-element elementor-element-88b8662\" data-id=\"88b8662\" data-element_type=\"column\" data-e-type=\"column\">\n\t\t\t<div class=\"elementor-widget-wrap elementor-element-populated\">\n\t\t\t\t\t\t<div class=\"elementor-element elementor-element-9ff1d49 elementor-widget elementor-widget-text-editor\" data-id=\"9ff1d49\" data-element_type=\"widget\" data-e-type=\"widget\" data-widget_type=\"text-editor.default\">\n\t\t\t\t<div class=\"elementor-widget-container\">\n\t\t\t\t\t\t\t\t\t<h6>Contact:<\/h6><p>Prof. Borut Smodi\u0161<\/p><p style=\"font-weight: 400;\"><strong>E:<\/strong> <a href=\"mailto:borut.smodis@ijs.si\">borut.smodis@ijs.si<\/a><\/p><p style=\"font-weight: 400;\"><strong>T:<\/strong> +386 1 588 53 63<\/p>\t\t\t\t\t\t\t\t<\/div>\n\t\t\t\t<\/div>\n\t\t\t\t\t<\/div>\n\t\t<\/div>\n\t\t\t\t<div class=\"elementor-column elementor-col-33 elementor-top-column elementor-element elementor-element-bb67dc9\" data-id=\"bb67dc9\" data-element_type=\"column\" data-e-type=\"column\">\n\t\t\t<div class=\"elementor-widget-wrap elementor-element-populated\">\n\t\t\t\t\t\t<div class=\"elementor-element elementor-element-52b39d2 elementor-widget elementor-widget-text-editor\" data-id=\"52b39d2\" data-element_type=\"widget\" data-e-type=\"widget\" data-widget_type=\"text-editor.default\">\n\t\t\t\t<div class=\"elementor-widget-container\">\n\t\t\t\t\t\t\t\t\t<h6>Links:<\/h6><p><span style=\"text-decoration: underline; color: #3366ff;\"><a style=\"color: #3366ff; text-decoration: underline;\" href=\"http:\/\/www.environment.si\/\" target=\"_blank\" rel=\"noopener\">Department of Environmental Sciences (O2)<\/a><\/span><\/p>\t\t\t\t\t\t\t\t<\/div>\n\t\t\t\t<\/div>\n\t\t\t\t\t<\/div>\n\t\t<\/div>\n\t\t\t\t\t<\/div>\n\t\t<\/section>\n\t\t\t\t<\/div>","protected":false},"excerpt":{"rendered":"<p>Objekt Vro\u010da Celica (OVC) je namenjen karakterizaciji, razvr\u0161\u010danju in obdelavi radioaktivnih snovi. OVC vklju\u010duje tri prostore: PROSTOR A:\u00a0 \u00a0manipulativni prostor, PROSTOR B:\u00a0 \u00a0osrednji pripravljalni prostor, PROSTOR C:\u00a0 \u00a0prostor za radiolo\u0161ke meritve. V prostoru B se nahajata dve vro\u010di celici VC1<\/p>","protected":false},"author":1,"featured_media":0,"parent":0,"menu_order":0,"comment_status":"closed","ping_status":"closed","template":"","meta":{"footnotes":""},"class_list":["post-34","page","type-page","status-publish","hentry","","tg-column-two"],"_links":{"self":[{"href":"https:\/\/ric.ijs.si\/en\/wp-json\/wp\/v2\/pages\/34","targetHints":{"allow":["GET"]}}],"collection":[{"href":"https:\/\/ric.ijs.si\/en\/wp-json\/wp\/v2\/pages"}],"about":[{"href":"https:\/\/ric.ijs.si\/en\/wp-json\/wp\/v2\/types\/page"}],"author":[{"embeddable":true,"href":"https:\/\/ric.ijs.si\/en\/wp-json\/wp\/v2\/users\/1"}],"replies":[{"embeddable":true,"href":"https:\/\/ric.ijs.si\/en\/wp-json\/wp\/v2\/comments?post=34"}],"version-history":[{"count":77,"href":"https:\/\/ric.ijs.si\/en\/wp-json\/wp\/v2\/pages\/34\/revisions"}],"predecessor-version":[{"id":2037,"href":"https:\/\/ric.ijs.si\/en\/wp-json\/wp\/v2\/pages\/34\/revisions\/2037"}],"wp:attachment":[{"href":"https:\/\/ric.ijs.si\/en\/wp-json\/wp\/v2\/media?parent=34"}],"curies":[{"name":"wp","href":"https:\/\/api.w.org\/{rel}","templated":true}]}}