{"id":1939,"date":"2021-05-16T19:50:21","date_gmt":"2021-05-16T17:50:21","guid":{"rendered":"https:\/\/ric.ijs.si\/?page_id=1939"},"modified":"2021-05-20T22:05:43","modified_gmt":"2021-05-20T20:05:43","slug":"program-triglav-za-preracunavanje-reaktorskih-sredic","status":"publish","type":"page","link":"https:\/\/ric.ijs.si\/en\/opis-triga\/program-triglav-za-preracunavanje-reaktorskih-sredic\/","title":{"rendered":"TRIGLAV code for TRIGA reactor core management calculations"},"content":{"rendered":"<div data-elementor-type=\"wp-page\" data-elementor-id=\"1939\" class=\"elementor elementor-1939\" data-elementor-post-type=\"page\">\n\t\t\t\t\t\t<section class=\"elementor-section elementor-top-section elementor-element elementor-element-09132ac elementor-section-boxed elementor-section-height-default elementor-section-height-default\" data-id=\"09132ac\" data-element_type=\"section\" data-e-type=\"section\">\n\t\t\t\t\t\t<div class=\"elementor-container elementor-column-gap-default\">\n\t\t\t\t\t<div class=\"elementor-column elementor-col-100 elementor-top-column elementor-element elementor-element-be7d8aa\" data-id=\"be7d8aa\" data-element_type=\"column\" data-e-type=\"column\">\n\t\t\t<div class=\"elementor-widget-wrap elementor-element-populated\">\n\t\t\t\t\t\t<div class=\"elementor-element elementor-element-2c23c73 elementor-widget elementor-widget-text-editor\" data-id=\"2c23c73\" data-element_type=\"widget\" data-e-type=\"widget\" data-widget_type=\"text-editor.default\">\n\t\t\t\t<div class=\"elementor-widget-container\">\n\t\t\t\t\t\t\t\t\t<p><strong>Info about<\/strong> <strong>TRIGLAV program<\/strong> could be found at <a href=\"https:\/\/f8.ijs.si\/index.html\" target=\"_blank\" rel=\"noopener\">Reactor Physics Department (F8)<\/a>:<\/p><p><strong><a href=\"https:\/\/f8.ijs.si\/programs.htm\" target=\"_blank\" rel=\"noopener\">https:\/\/f8.ijs.si\/programs.htm<\/a><\/strong><\/p>\t\t\t\t\t\t\t\t<\/div>\n\t\t\t\t<\/div>\n\t\t\t\t\t<\/div>\n\t\t<\/div>\n\t\t\t\t\t<\/div>\n\t\t<\/section>\n\t\t\t\t<section class=\"elementor-section elementor-top-section elementor-element elementor-element-342f5d0 elementor-section-boxed elementor-section-height-default elementor-section-height-default\" data-id=\"342f5d0\" data-element_type=\"section\" data-e-type=\"section\">\n\t\t\t\t\t\t<div class=\"elementor-container elementor-column-gap-default\">\n\t\t\t\t\t<div class=\"elementor-column elementor-col-100 elementor-top-column elementor-element elementor-element-e4b40b0\" data-id=\"e4b40b0\" data-element_type=\"column\" data-e-type=\"column\">\n\t\t\t<div class=\"elementor-widget-wrap elementor-element-populated\">\n\t\t\t\t\t\t<div class=\"elementor-element elementor-element-99bd0de elementor-widget elementor-widget-heading\" data-id=\"99bd0de\" data-element_type=\"widget\" data-e-type=\"widget\" data-widget_type=\"heading.default\">\n\t\t\t\t<div class=\"elementor-widget-container\">\n\t\t\t\t\t<h4 class=\"elementor-heading-title elementor-size-default\">Links:<\/h4>\t\t\t\t<\/div>\n\t\t\t\t<\/div>\n\t\t\t\t<div class=\"elementor-element elementor-element-d429a8a elementor-widget elementor-widget-text-editor\" data-id=\"d429a8a\" data-element_type=\"widget\" data-e-type=\"widget\" data-widget_type=\"text-editor.default\">\n\t\t\t\t<div class=\"elementor-widget-container\">\n\t\t\t\t\t\t\t\t\t<ul><li><a href=\"https:\/\/ric.ijs.si\/wp-content\/uploads\/NENE2017_501.pdf\" target=\"_blank\" rel=\"noopener\"><strong>STRIGA program<\/strong><\/a>: tool can read old TRIGLAV inputs and make a 3D Monte Carlo Serpent input for TRIGA research reactor)<\/li><li><a href=\"https:\/\/www.sciencedirect.com\/science\/article\/pii\/S0029549317301711\" target=\"_blank\" rel=\"noopener\"><strong>Article about TRIGLAV<\/strong><\/a><\/li><\/ul>\t\t\t\t\t\t\t\t<\/div>\n\t\t\t\t<\/div>\n\t\t\t\t\t<\/div>\n\t\t<\/div>\n\t\t\t\t\t<\/div>\n\t\t<\/section>\n\t\t\t\t<\/div>","protected":false},"excerpt":{"rendered":"<p>O programu TRIGLAV najdete info na spletni strani Odseka za reaktorsko fiziko (F8): https:\/\/f8.ijs.si\/programs.htm Povezave: STRIGA program, ki omogo\u010da prera\u010duna TRIGA reaktorjev z metodo Monte Carlo \u010clanek o TRIGLAVu<\/p>","protected":false},"author":1,"featured_media":0,"parent":120,"menu_order":0,"comment_status":"closed","ping_status":"closed","template":"","meta":{"footnotes":""},"class_list":["post-1939","page","type-page","status-publish","hentry","","tg-column-two"],"_links":{"self":[{"href":"https:\/\/ric.ijs.si\/en\/wp-json\/wp\/v2\/pages\/1939","targetHints":{"allow":["GET"]}}],"collection":[{"href":"https:\/\/ric.ijs.si\/en\/wp-json\/wp\/v2\/pages"}],"about":[{"href":"https:\/\/ric.ijs.si\/en\/wp-json\/wp\/v2\/types\/page"}],"author":[{"embeddable":true,"href":"https:\/\/ric.ijs.si\/en\/wp-json\/wp\/v2\/users\/1"}],"replies":[{"embeddable":true,"href":"https:\/\/ric.ijs.si\/en\/wp-json\/wp\/v2\/comments?post=1939"}],"version-history":[{"count":41,"href":"https:\/\/ric.ijs.si\/en\/wp-json\/wp\/v2\/pages\/1939\/revisions"}],"predecessor-version":[{"id":2290,"href":"https:\/\/ric.ijs.si\/en\/wp-json\/wp\/v2\/pages\/1939\/revisions\/2290"}],"up":[{"embeddable":true,"href":"https:\/\/ric.ijs.si\/en\/wp-json\/wp\/v2\/pages\/120"}],"wp:attachment":[{"href":"https:\/\/ric.ijs.si\/en\/wp-json\/wp\/v2\/media?parent=1939"}],"curies":[{"name":"wp","href":"https:\/\/api.w.org\/{rel}","templated":true}]}}